{"id":713,"date":"2019-03-05T09:10:31","date_gmt":"2019-03-05T01:10:31","guid":{"rendered":"https:\/\/zunzheng.com\/?page_id=713"},"modified":"2022-03-28T10:55:52","modified_gmt":"2022-03-28T02:55:52","slug":"boxio-models","status":"publish","type":"page","link":"https:\/\/zunzheng.com\/en\/boxio-models\/","title":{"rendered":"BoxIO \u578b\u53f7\u5bf9\u6bd4"},"content":{"rendered":"\n<div style=\"height:20px\" aria-hidden=\"true\" class=\"wp-block-spacer\"><\/div>\n\n\n\n<div class=\"wp-block-columns is-layout-flex wp-container-core-columns-is-layout-1 wp-block-columns-is-layout-flex\">\n<div class=\"wp-block-column is-layout-flow wp-block-column-is-layout-flow\">\n<div class=\"wp-block-stackable-image stk-block-image stk-block stk-1941971\" data-block-id=\"1941971\"><style>.stk-1941971 .stk-img-wrapper img{border-radius:30px !important}<\/style><figure class=\"stk-img-wrapper stk-image--shape-stretch\"><img fetchpriority=\"high\" decoding=\"async\" class=\"stk-img wp-image-3183\" src=\"https:\/\/zunzheng.com\/wp-content\/uploads\/2020\/05\/BoxIO-1.gif\" width=\"1920\" height=\"625\" alt=\"LUT box\uff0c\u8272\u5f69\u7ba1\u7406\u8bbe\u5907\"\/><\/figure><\/div>\n<\/div>\n<\/div>\n\n\n\n<div style=\"height:65px\" aria-hidden=\"true\" class=\"wp-block-spacer\"><\/div>\n\n\n\n<div class=\"wp-block-columns has-3-columns is-layout-flex wp-container-core-columns-is-layout-2 wp-block-columns-is-layout-flex\">\n<div class=\"wp-block-column is-layout-flow wp-block-column-is-layout-flow\">\n<p>\u8fde\u63a5<\/p>\n<\/div>\n\n\n\n<div class=\"wp-block-column is-layout-flow wp-block-column-is-layout-flow\">\n<p> <strong>BoxIO<\/strong> <\/p>\n<\/div>\n\n\n\n<div class=\"wp-block-column is-layout-flow wp-block-column-is-layout-flow\">\n<p> <strong>BoxIO Lite SDI <\/strong><\/p>\n<\/div>\n<\/div>\n\n\n\n<hr class=\"wp-block-separator is-style-wide\"\/>\n\n\n\n<div class=\"wp-block-columns has-3-columns is-layout-flex wp-container-core-columns-is-layout-3 wp-block-columns-is-layout-flex\">\n<div class=\"wp-block-column is-layout-flow wp-block-column-is-layout-flow\">\n<p>\u8f93\u5165<\/p>\n\n\n\n<p>\u8f93\u51fa<\/p>\n\n\n\n<p>Mini-DP \u8f93\u51fa<\/p>\n\n\n\n<p>\u73af\u51fa<\/p>\n\n\n\n<p>LAN<\/p>\n<\/div>\n\n\n\n<div class=\"wp-block-column is-layout-flow wp-block-column-is-layout-flow\">\n<p>2x 3Gbps SDI<\/p>\n\n\n\n<p>2x 3Gbps SDI<\/p>\n\n\n\n<p>\u221a<\/p>\n\n\n\n<p>2x 3Gbps SDI<\/p>\n\n\n\n<p>\u221a<\/p>\n<\/div>\n\n\n\n<div class=\"wp-block-column is-layout-flow wp-block-column-is-layout-flow\">\n<p>1x 3Gbps SDI<\/p>\n\n\n\n<p>2x 3Gbps SDI<\/p>\n\n\n\n<p>\u00d7<\/p>\n\n\n\n<p>1x 3Gbps SDI<\/p>\n\n\n\n<p>\u221a<\/p>\n<\/div>\n<\/div>\n\n\n\n<div style=\"height:40px\" aria-hidden=\"true\" class=\"wp-block-spacer\"><\/div>\n\n\n\n<div class=\"wp-block-columns has-3-columns is-layout-flex wp-container-core-columns-is-layout-4 wp-block-columns-is-layout-flex\">\n<div class=\"wp-block-column is-layout-flow wp-block-column-is-layout-flow\">\n<p><strong> 4k\u4fe1\u53f7\u652f\u6301<\/strong><\/p>\n<\/div>\n\n\n\n<div class=\"wp-block-column is-layout-flow wp-block-column-is-layout-flow\">\n<p> <strong>BoxIO<\/strong> <\/p>\n<\/div>\n\n\n\n<div class=\"wp-block-column is-layout-flow wp-block-column-is-layout-flow\">\n<p> <strong>BoxIO Lite SDI <\/strong><\/p>\n<\/div>\n<\/div>\n\n\n\n<hr class=\"wp-block-separator is-style-wide\"\/>\n\n\n\n<div class=\"wp-block-columns has-3-columns is-layout-flex wp-container-core-columns-is-layout-5 wp-block-columns-is-layout-flex\">\n<div class=\"wp-block-column is-layout-flow wp-block-column-is-layout-flow\">\n<p>4K 30P 4:2:2<\/p>\n\n\n\n<p>4K 30P 4:4:4<\/p>\n\n\n\n<p>4K 60P 4:2:2<br><\/p>\n<\/div>\n\n\n\n<div class=\"wp-block-column is-layout-flow wp-block-column-is-layout-flow\">\n<p>1\u4e2aBoxIO<\/p>\n\n\n\n<p>2\u4e2aBoxIO<\/p>\n\n\n\n<p>2\u4e2aBoxIO<\/p>\n<\/div>\n\n\n\n<div class=\"wp-block-column is-layout-flow wp-block-column-is-layout-flow\">\n<p> \u00d7<\/p>\n\n\n\n<p> \u00d7 <\/p>\n\n\n\n<p>\u00d7<\/p>\n<\/div>\n<\/div>\n\n\n\n<div style=\"height:40px\" aria-hidden=\"true\" class=\"wp-block-spacer\"><\/div>\n\n\n\n<div class=\"wp-block-columns has-3-columns is-layout-flex wp-container-core-columns-is-layout-6 wp-block-columns-is-layout-flex\">\n<div class=\"wp-block-column is-layout-flow wp-block-column-is-layout-flow\">\n<p><strong> <\/strong> <strong>LUT\u652f\u6301<\/strong><\/p>\n<\/div>\n\n\n\n<div class=\"wp-block-column is-layout-flow wp-block-column-is-layout-flow\">\n<p> <strong>BoxIO<\/strong> <\/p>\n<\/div>\n\n\n\n<div class=\"wp-block-column is-layout-flow wp-block-column-is-layout-flow\">\n<p> <strong>BoxIO Lite SDI <\/strong><\/p>\n<\/div>\n<\/div>\n\n\n\n<hr class=\"wp-block-separator is-style-wide\"\/>\n\n\n\n<div class=\"wp-block-columns has-3-columns is-layout-flex wp-container-core-columns-is-layout-7 wp-block-columns-is-layout-flex\">\n<div class=\"wp-block-column is-layout-flow wp-block-column-is-layout-flow\">\n<p>\u652f\u63013D\u548c1D LUT<\/p>\n\n\n\n<p>17x17x17 sided LUTs<\/p>\n\n\n\n<p>33x33x33 sided LUTs<\/p>\n\n\n\n<p><br><\/p>\n<\/div>\n\n\n\n<div class=\"wp-block-column is-layout-flow wp-block-column-is-layout-flow\">\n<p> \u221a <\/p>\n\n\n\n<p> \u221a <\/p>\n\n\n\n<p> \u221a <\/p>\n<\/div>\n\n\n\n<div class=\"wp-block-column is-layout-flow wp-block-column-is-layout-flow\">\n<p> \u221a <\/p>\n\n\n\n<p> \u221a  <\/p>\n\n\n\n<p> \u221a <\/p>\n<\/div>\n<\/div>\n\n\n\n<div style=\"height:40px\" aria-hidden=\"true\" class=\"wp-block-spacer\"><\/div>\n\n\n\n<div class=\"wp-block-columns has-3-columns is-layout-flex wp-container-core-columns-is-layout-8 wp-block-columns-is-layout-flex\">\n<div class=\"wp-block-column is-layout-flow wp-block-column-is-layout-flow\">\n<p><strong> \u64cd\u4f5c\u6a21\u5f0f<\/strong><\/p>\n<\/div>\n\n\n\n<div class=\"wp-block-column is-layout-flow wp-block-column-is-layout-flow\">\n<p> <strong>BoxIO<\/strong> <\/p>\n<\/div>\n\n\n\n<div class=\"wp-block-column is-layout-flow wp-block-column-is-layout-flow\">\n<p> <strong>BoxIO Lite SDI <\/strong><\/p>\n<\/div>\n<\/div>\n\n\n\n<hr class=\"wp-block-separator is-style-wide\"\/>\n\n\n\n<div class=\"wp-block-columns has-3-columns is-layout-flex wp-container-core-columns-is-layout-9 wp-block-columns-is-layout-flex\">\n<div class=\"wp-block-column is-layout-flow wp-block-column-is-layout-flow\">\n<p>\u5355\u901a\u9053<\/p>\n\n\n\n<p>\u53cc\u901a\u9053<\/p>\n<\/div>\n\n\n\n<div class=\"wp-block-column is-layout-flow wp-block-column-is-layout-flow\">\n<p> \u221a <\/p>\n\n\n\n<p> \u221a <\/p>\n<\/div>\n\n\n\n<div class=\"wp-block-column is-layout-flow wp-block-column-is-layout-flow\">\n<p> \u221a <\/p>\n\n\n\n<p> \u221a  <\/p>\n<\/div>\n<\/div>\n\n\n\n<div style=\"height:40px\" aria-hidden=\"true\" class=\"wp-block-spacer\"><\/div>\n\n\n\n<div class=\"wp-block-columns has-3-columns is-layout-flex wp-container-core-columns-is-layout-10 wp-block-columns-is-layout-flex\">\n<div class=\"wp-block-column is-layout-flow wp-block-column-is-layout-flow\">\n<p><strong> \u7535\u6e90<\/strong><\/p>\n<\/div>\n\n\n\n<div class=\"wp-block-column is-layout-flow wp-block-column-is-layout-flow\">\n<p> <strong>BoxIO<\/strong> <\/p>\n<\/div>\n\n\n\n<div class=\"wp-block-column is-layout-flow wp-block-column-is-layout-flow\">\n<p> <strong>BoxIO Lite SDI <\/strong><\/p>\n<\/div>\n<\/div>\n\n\n\n<hr class=\"wp-block-separator is-style-wide\"\/>\n\n\n\n<div class=\"wp-block-columns has-3-columns is-layout-flex wp-container-core-columns-is-layout-11 wp-block-columns-is-layout-flex\">\n<div class=\"wp-block-column is-layout-flow wp-block-column-is-layout-flow\">\n<p>4pin mini-XLR 12~18V<\/p>\n\n\n\n<p>\u8017\u7535\u91cf<\/p>\n\n\n\n<p><br><\/p>\n<\/div>\n\n\n\n<div class=\"wp-block-column is-layout-flow wp-block-column-is-layout-flow\">\n<p> \u221a <\/p>\n\n\n\n<p> \u7ea67W<\/p>\n<\/div>\n\n\n\n<div class=\"wp-block-column is-layout-flow wp-block-column-is-layout-flow\">\n<p> \u221a <\/p>\n\n\n\n<p> \u7ea67W <\/p>\n<\/div>\n<\/div>\n\n\n\n<p><\/p>\n\n\n\n<h3 class=\"wp-block-heading\">\u6587\u6863<\/h3>\n\n\n\n<hr class=\"wp-block-separator is-style-wide\"\/>\n\n\n<style>.wp-block-kadence-spacer.kt-block-spacer-_c80aa7-ba .kt-block-spacer{height:20px;}.wp-block-kadence-spacer.kt-block-spacer-_c80aa7-ba .kt-divider{border-top-width:1px;height:1px;border-top-color:#ffffff;width:80%;border-top-style:solid;}<\/style>\n<div class=\"wp-block-kadence-spacer aligncenter kt-block-spacer-_c80aa7-ba\"><div class=\"kt-block-spacer kt-block-spacer-halign-center\" style=\"height:20px\"><hr class=\"kt-divider\" style=\"border-top-color:#ffffff;border-top-width:1px;width:80%;border-top-style:solid\"\/><\/div><\/div>\n\n\n\n<p class=\"has-vivid-cyan-blue-color has-text-color\" style=\"font-size:18px\">\u2601   <strong><a href=\"https:\/\/zunzheng.com\/wp-content\/uploads\/mlib-zz\/2019\/04\/17\/BOXIO\u4f7f\u7528\u8bf4\u660e.pdf\">BOXIO\u4f7f\u7528\u8bf4\u660e<\/a><\/strong><\/p>\n\n\n\n<div style=\"height:110px\" aria-hidden=\"true\" class=\"wp-block-spacer\"><\/div>\n","protected":false},"excerpt":{"rendered":"<p>\u8fde\u63a5 BoxIO BoxIO Lite SDI \u8f93\u5165 \u8f93\u51fa Mini-DP \u8f93\u51fa \u73af\u51fa LAN 2x 3Gbps SDI 2x 3Gbps SDI \u221a 2x 3Gbps SDI \u221a 1x 3Gbps SDI 2x 3Gbps SDI \u00d7 1x 3Gbps SDI \u221a 4k\u4fe1\u53f7\u652f\u6301 BoxIO BoxIO Lite SDI 4K 30P 4:2:2 4K 30P 4:4:4 4K 60P 4:2:2 1\u4e2aBoxIO 2\u4e2aBoxIO 2\u4e2aBoxIO \u00d7 \u00d7 \u00d7 LUT\u652f\u6301 BoxIO [&hellip;]<\/p>\n","protected":false},"author":1,"featured_media":0,"parent":0,"menu_order":0,"comment_status":"closed","ping_status":"closed","template":"","meta":{"_uag_custom_page_level_css":"","footnotes":""},"class_list":["post-713","page","type-page","status-publish","hentry"],"translation":{"provider":"WPGlobus","version":"3.0.0","language":"en","enabled_languages":["zh","en"],"languages":{"zh":{"title":true,"content":true,"excerpt":false},"en":{"title":false,"content":false,"excerpt":false}}},"yoast_head":"<!-- This site is optimized with the Yoast SEO plugin v23.9 - https:\/\/yoast.com\/wordpress\/plugins\/seo\/ -->\n<title>BoxIO \u578b\u53f7\u5bf9\u6bd4 - \u6df1\u5733\u5e02\u5c0a\u6b63\u79d1\u6280\u6709\u9650\u516c\u53f8<\/title>\n<meta name=\"robots\" content=\"index, follow, max-snippet:-1, max-image-preview:large, max-video-preview:-1\" \/>\n<link rel=\"canonical\" href=\"https:\/\/zunzheng.com\/tw\/boxio-models\/\" \/>\n<meta property=\"og:locale\" content=\"en_US\" \/>\n<meta property=\"og:type\" content=\"article\" \/>\n<meta property=\"og:title\" content=\"BoxIO \u578b\u53f7\u5bf9\u6bd4 - \u6df1\u5733\u5e02\u5c0a\u6b63\u79d1\u6280\u6709\u9650\u516c\u53f8\" \/>\n<meta property=\"og:url\" content=\"https:\/\/zunzheng.com\/tw\/boxio-models\/\" \/>\n<meta property=\"og:site_name\" content=\"\u6df1\u5733\u5e02\u5c0a\u6b63\u79d1\u6280\u6709\u9650\u516c\u53f8\" \/>\n<meta property=\"article:modified_time\" content=\"2022-03-28T02:55:52+00:00\" \/>\n<meta property=\"og:image\" content=\"https:\/\/zunzheng.com\/wp-content\/uploads\/2020\/05\/BoxIO-1.gif\" \/>\n<meta name=\"twitter:card\" content=\"summary_large_image\" \/>\n<meta name=\"twitter:label1\" content=\"Est. reading time\" \/>\n\t<meta name=\"twitter:data1\" content=\"1 minute\" \/>\n<script type=\"application\/ld+json\" class=\"yoast-schema-graph\">{\"@context\":\"https:\/\/schema.org\",\"@graph\":[{\"@type\":\"WebPage\",\"@id\":\"https:\/\/zunzheng.com\/tw\/boxio-models\/\",\"url\":\"https:\/\/zunzheng.com\/tw\/boxio-models\/\",\"name\":\"BoxIO \u578b\u53f7\u5bf9\u6bd4 - \u6df1\u5733\u5e02\u5c0a\u6b63\u79d1\u6280\u6709\u9650\u516c\u53f8\",\"isPartOf\":{\"@id\":\"https:\/\/zunzheng.com\/#website\"},\"primaryImageOfPage\":{\"@id\":\"https:\/\/zunzheng.com\/tw\/boxio-models\/#primaryimage\"},\"image\":{\"@id\":\"https:\/\/zunzheng.com\/tw\/boxio-models\/#primaryimage\"},\"thumbnailUrl\":\"https:\/\/zunzheng.com\/wp-content\/uploads\/2020\/05\/BoxIO-1.gif\",\"datePublished\":\"2019-03-05T01:10:31+00:00\",\"dateModified\":\"2022-03-28T02:55:52+00:00\",\"breadcrumb\":{\"@id\":\"https:\/\/zunzheng.com\/tw\/boxio-models\/#breadcrumb\"},\"inLanguage\":\"en-US\",\"potentialAction\":[{\"@type\":\"ReadAction\",\"target\":[\"https:\/\/zunzheng.com\/tw\/boxio-models\/\"]}]},{\"@type\":\"ImageObject\",\"inLanguage\":\"en-US\",\"@id\":\"https:\/\/zunzheng.com\/tw\/boxio-models\/#primaryimage\",\"url\":\"https:\/\/zunzheng.com\/wp-content\/uploads\/2020\/05\/BoxIO-1.gif\",\"contentUrl\":\"https:\/\/zunzheng.com\/wp-content\/uploads\/2020\/05\/BoxIO-1.gif\"},{\"@type\":\"BreadcrumbList\",\"@id\":\"https:\/\/zunzheng.com\/tw\/boxio-models\/#breadcrumb\",\"itemListElement\":[{\"@type\":\"ListItem\",\"position\":1,\"name\":\"\u9996\u9875\",\"item\":\"https:\/\/zunzheng.com\/\"},{\"@type\":\"ListItem\",\"position\":2,\"name\":\"BoxIO \u578b\u53f7\u5bf9\u6bd4\"}]},{\"@type\":\"WebSite\",\"@id\":\"https:\/\/zunzheng.com\/#website\",\"url\":\"https:\/\/zunzheng.com\/\",\"name\":\"\u76d1\u89c6\u5668-\u8272\u5f69\u7ba1\u7406\u4e13\u5bb6\",\"description\":\"4KHDR\u76d1\u89c6\u5668 \u7535\u5f71\u76d1\u89c6\u5668 \u8272\u5f69\u7ba1\u7406\",\"publisher\":{\"@id\":\"https:\/\/zunzheng.com\/#organization\"},\"potentialAction\":[{\"@type\":\"SearchAction\",\"target\":{\"@type\":\"EntryPoint\",\"urlTemplate\":\"https:\/\/zunzheng.com\/?s={search_term_string}\"},\"query-input\":{\"@type\":\"PropertyValueSpecification\",\"valueRequired\":true,\"valueName\":\"search_term_string\"}}],\"inLanguage\":\"en-US\"},{\"@type\":\"Organization\",\"@id\":\"https:\/\/zunzheng.com\/#organization\",\"name\":\"\u6df1\u5733\u5e02\u5c0a\u6b63\u6570\u5b57\u89c6\u9891\u6709\u9650\u516c\u53f8\",\"url\":\"https:\/\/zunzheng.com\/\",\"logo\":{\"@type\":\"ImageObject\",\"inLanguage\":\"en-US\",\"@id\":\"https:\/\/zunzheng.com\/#\/schema\/logo\/image\/\",\"url\":\"https:\/\/zunzheng.com\/wp-content\/uploads\/2020\/04\/logo1.png\",\"contentUrl\":\"https:\/\/zunzheng.com\/wp-content\/uploads\/2020\/04\/logo1.png\",\"width\":2391,\"height\":745,\"caption\":\"\u6df1\u5733\u5e02\u5c0a\u6b63\u6570\u5b57\u89c6\u9891\u6709\u9650\u516c\u53f8\"},\"image\":{\"@id\":\"https:\/\/zunzheng.com\/#\/schema\/logo\/image\/\"}}]}<\/script>\n<!-- \/ Yoast SEO plugin. -->","yoast_head_json":{"title":"BoxIO \u578b\u53f7\u5bf9\u6bd4 - \u6df1\u5733\u5e02\u5c0a\u6b63\u79d1\u6280\u6709\u9650\u516c\u53f8","robots":{"index":"index","follow":"follow","max-snippet":"max-snippet:-1","max-image-preview":"max-image-preview:large","max-video-preview":"max-video-preview:-1"},"canonical":"https:\/\/zunzheng.com\/tw\/boxio-models\/","og_locale":"en_US","og_type":"article","og_title":"BoxIO \u578b\u53f7\u5bf9\u6bd4 - \u6df1\u5733\u5e02\u5c0a\u6b63\u79d1\u6280\u6709\u9650\u516c\u53f8","og_url":"https:\/\/zunzheng.com\/tw\/boxio-models\/","og_site_name":"\u6df1\u5733\u5e02\u5c0a\u6b63\u79d1\u6280\u6709\u9650\u516c\u53f8","article_modified_time":"2022-03-28T02:55:52+00:00","og_image":[{"url":"https:\/\/zunzheng.com\/wp-content\/uploads\/2020\/05\/BoxIO-1.gif"}],"twitter_card":"summary_large_image","twitter_misc":{"Est. reading time":"1 minute"},"schema":{"@context":"https:\/\/schema.org","@graph":[{"@type":"WebPage","@id":"https:\/\/zunzheng.com\/tw\/boxio-models\/","url":"https:\/\/zunzheng.com\/tw\/boxio-models\/","name":"BoxIO \u578b\u53f7\u5bf9\u6bd4 - \u6df1\u5733\u5e02\u5c0a\u6b63\u79d1\u6280\u6709\u9650\u516c\u53f8","isPartOf":{"@id":"https:\/\/zunzheng.com\/#website"},"primaryImageOfPage":{"@id":"https:\/\/zunzheng.com\/tw\/boxio-models\/#primaryimage"},"image":{"@id":"https:\/\/zunzheng.com\/tw\/boxio-models\/#primaryimage"},"thumbnailUrl":"https:\/\/zunzheng.com\/wp-content\/uploads\/2020\/05\/BoxIO-1.gif","datePublished":"2019-03-05T01:10:31+00:00","dateModified":"2022-03-28T02:55:52+00:00","breadcrumb":{"@id":"https:\/\/zunzheng.com\/tw\/boxio-models\/#breadcrumb"},"inLanguage":"en-US","potentialAction":[{"@type":"ReadAction","target":["https:\/\/zunzheng.com\/tw\/boxio-models\/"]}]},{"@type":"ImageObject","inLanguage":"en-US","@id":"https:\/\/zunzheng.com\/tw\/boxio-models\/#primaryimage","url":"https:\/\/zunzheng.com\/wp-content\/uploads\/2020\/05\/BoxIO-1.gif","contentUrl":"https:\/\/zunzheng.com\/wp-content\/uploads\/2020\/05\/BoxIO-1.gif"},{"@type":"BreadcrumbList","@id":"https:\/\/zunzheng.com\/tw\/boxio-models\/#breadcrumb","itemListElement":[{"@type":"ListItem","position":1,"name":"\u9996\u9875","item":"https:\/\/zunzheng.com\/"},{"@type":"ListItem","position":2,"name":"BoxIO \u578b\u53f7\u5bf9\u6bd4"}]},{"@type":"WebSite","@id":"https:\/\/zunzheng.com\/#website","url":"https:\/\/zunzheng.com\/","name":"\u76d1\u89c6\u5668-\u8272\u5f69\u7ba1\u7406\u4e13\u5bb6","description":"4KHDR\u76d1\u89c6\u5668 \u7535\u5f71\u76d1\u89c6\u5668 \u8272\u5f69\u7ba1\u7406","publisher":{"@id":"https:\/\/zunzheng.com\/#organization"},"potentialAction":[{"@type":"SearchAction","target":{"@type":"EntryPoint","urlTemplate":"https:\/\/zunzheng.com\/?s={search_term_string}"},"query-input":{"@type":"PropertyValueSpecification","valueRequired":true,"valueName":"search_term_string"}}],"inLanguage":"en-US"},{"@type":"Organization","@id":"https:\/\/zunzheng.com\/#organization","name":"\u6df1\u5733\u5e02\u5c0a\u6b63\u6570\u5b57\u89c6\u9891\u6709\u9650\u516c\u53f8","url":"https:\/\/zunzheng.com\/","logo":{"@type":"ImageObject","inLanguage":"en-US","@id":"https:\/\/zunzheng.com\/#\/schema\/logo\/image\/","url":"https:\/\/zunzheng.com\/wp-content\/uploads\/2020\/04\/logo1.png","contentUrl":"https:\/\/zunzheng.com\/wp-content\/uploads\/2020\/04\/logo1.png","width":2391,"height":745,"caption":"\u6df1\u5733\u5e02\u5c0a\u6b63\u6570\u5b57\u89c6\u9891\u6709\u9650\u516c\u53f8"},"image":{"@id":"https:\/\/zunzheng.com\/#\/schema\/logo\/image\/"}}]}},"uagb_featured_image_src":{"full":false,"thumbnail":false,"medium":false,"medium_large":false,"large":false,"1536x1536":false,"2048x2048":false,"menu-24x24":false,"menu-36x36":false,"menu-48x48":false,"yarpp-thumbnail":false},"uagb_author_info":{"display_name":"admin","author_link":"https:\/\/zunzheng.com\/en\/author\/admin\/"},"uagb_comment_info":0,"uagb_excerpt":"\u8fde\u63a5 BoxIO BoxIO Lite SDI \u8f93\u5165 \u8f93\u51fa Mini-DP \u8f93\u51fa \u73af\u51fa LAN 2x 3Gbps SDI 2x 3Gbps SDI \u221a 2x 3Gbps SDI \u221a 1x 3Gbps SDI 2x 3Gbps SDI \u00d7 1x 3Gbps SDI \u221a 4k\u4fe1\u53f7\u652f\u6301 BoxIO BoxIO Lite SDI 4K 30P 4:2:2 4K 30P 4:4:4 4K 60P 4:2:2 1\u4e2aBoxIO 2\u4e2aBoxIO 2\u4e2aBoxIO \u00d7 \u00d7 \u00d7 LUT\u652f\u6301 BoxIO&hellip;","_links":{"self":[{"href":"https:\/\/zunzheng.com\/en\/wp-json\/wp\/v2\/pages\/713","targetHints":{"allow":["GET"]}}],"collection":[{"href":"https:\/\/zunzheng.com\/en\/wp-json\/wp\/v2\/pages"}],"about":[{"href":"https:\/\/zunzheng.com\/en\/wp-json\/wp\/v2\/types\/page"}],"author":[{"embeddable":true,"href":"https:\/\/zunzheng.com\/en\/wp-json\/wp\/v2\/users\/1"}],"replies":[{"embeddable":true,"href":"https:\/\/zunzheng.com\/en\/wp-json\/wp\/v2\/comments?post=713"}],"version-history":[{"count":34,"href":"https:\/\/zunzheng.com\/en\/wp-json\/wp\/v2\/pages\/713\/revisions"}],"predecessor-version":[{"id":18834,"href":"https:\/\/zunzheng.com\/en\/wp-json\/wp\/v2\/pages\/713\/revisions\/18834"}],"wp:attachment":[{"href":"https:\/\/zunzheng.com\/en\/wp-json\/wp\/v2\/media?parent=713"}],"curies":[{"name":"wp","href":"https:\/\/api.w.org\/{rel}","templated":true}]}}